{"id":22,"date":"2025-01-17T23:45:27","date_gmt":"2025-01-17T22:45:27","guid":{"rendered":"https:\/\/mbnutricion.es\/?page_id=22"},"modified":"2025-03-11T15:44:37","modified_gmt":"2025-03-11T14:44:37","slug":"paquetes","status":"publish","type":"page","link":"https:\/\/mbnutricion.es\/paquetes","title":{"rendered":"Paquetes"},"content":{"rendered":"\n<div class=\"wp-block-cover alignfull\" style=\"min-height:659px;aspect-ratio:unset;\"><span aria-hidden=\"true\" class=\"wp-block-cover__background has-background-dim\" style=\"background-color:#3e301f\"><\/span><img loading=\"lazy\" decoding=\"async\" width=\"2036\" height=\"976\" class=\"wp-block-cover__image-background wp-image-192\" alt=\"\" src=\"https:\/\/mbnutricion.es\/wp-content\/uploads\/2025\/01\/Paquetes_banner-superior.jpg\" data-object-fit=\"cover\" srcset=\"https:\/\/mbnutricion.es\/wp-content\/uploads\/2025\/01\/Paquetes_banner-superior.jpg 2036w, https:\/\/mbnutricion.es\/wp-content\/uploads\/2025\/01\/Paquetes_banner-superior-300x144.jpg 300w, https:\/\/mbnutricion.es\/wp-content\/uploads\/2025\/01\/Paquetes_banner-superior-1024x491.jpg 1024w, https:\/\/mbnutricion.es\/wp-content\/uploads\/2025\/01\/Paquetes_banner-superior-768x368.jpg 768w, https:\/\/mbnutricion.es\/wp-content\/uploads\/2025\/01\/Paquetes_banner-superior-1536x736.jpg 1536w, https:\/\/mbnutricion.es\/wp-content\/uploads\/2025\/01\/Paquetes_banner-superior-1568x752.jpg 1568w\" sizes=\"auto, (max-width: 2036px) 100vw, 2036px\" \/><div class=\"wp-block-cover__inner-container is-layout-constrained wp-block-cover-is-layout-constrained\">\n<p class=\"has-text-align-center has-large-font-size\" style=\"margin-top:0;margin-bottom:0;padding-top:0;padding-bottom:0\">Paquetes de consulta<\/p>\n\n\n\n<p class=\"has-text-align-center\" style=\"font-size:42px;font-style:normal;font-weight:700\">\u00a1Transforma tu salud hoy!<\/p>\n\n\n\n<hr class=\"wp-block-separator has-alpha-channel-opacity\"\/>\n\n\n\n<p class=\"has-text-align-center\">Agenda una charla gratuita y descubre c\u00f3mo alcanzar tus metas<br>con un plan nutricional personalizado.<\/p>\n\n\n\n<p class=\"has-text-align-center\" style=\"font-style:normal;font-weight:700\">\u00a1Tu bienestar empieza aqu\u00ed!<\/p>\n\n\n\n<div style=\"height:31px\" aria-hidden=\"true\" class=\"wp-block-spacer\"><\/div>\n\n\n\n<div class=\"wp-block-buttons is-content-justification-center is-layout-flex wp-container-core-buttons-is-layout-a89b3969 wp-block-buttons-is-layout-flex\">\n<div class=\"wp-block-button has-custom-width wp-block-button__width-50 is-style-outline is-style-outline--1\"><a class=\"wp-block-button__link has-background-color has-text-color has-link-color has-text-align-center wp-element-button\" href=\"https:\/\/mbnutricion.es\/contacto\">Ponerse en contacto<\/a><\/div>\n<\/div>\n<\/div><\/div>\n\n\n\n<div style=\"height:29px\" aria-hidden=\"true\" class=\"wp-block-spacer\"><\/div>\n\n\n\n<p class=\"has-text-align-center has-large-font-size\" style=\"font-style:normal;font-weight:700\">Servicios<\/p>\n\n\n\n<hr class=\"wp-block-separator has-alpha-channel-opacity\"\/>\n\n\n\n<div class=\"wp-block-media-text is-stacked-on-mobile\"><figure class=\"wp-block-media-text__media\"><img loading=\"lazy\" decoding=\"async\" width=\"821\" height=\"547\" src=\"https:\/\/mbnutricion.es\/wp-content\/uploads\/2025\/01\/Paquetes_calendario.jpg\" alt=\"\" class=\"wp-image-195 size-full\" srcset=\"https:\/\/mbnutricion.es\/wp-content\/uploads\/2025\/01\/Paquetes_calendario.jpg 821w, https:\/\/mbnutricion.es\/wp-content\/uploads\/2025\/01\/Paquetes_calendario-300x200.jpg 300w, https:\/\/mbnutricion.es\/wp-content\/uploads\/2025\/01\/Paquetes_calendario-768x512.jpg 768w\" sizes=\"auto, (max-width: 821px) 100vw, 821px\" \/><\/figure><div class=\"wp-block-media-text__content\">\n<p>Agenda conmigo 15 minutos para explicarte c\u00f3mo trabajo, sin costo alguno.<\/p>\n<\/div><\/div>\n\n\n\n<div class=\"wp-block-media-text is-stacked-on-mobile\"><figure class=\"wp-block-media-text__media\"><img loading=\"lazy\" decoding=\"async\" width=\"817\" height=\"544\" src=\"https:\/\/mbnutricion.es\/wp-content\/uploads\/2025\/01\/Paquetes_consulta.jpg\" alt=\"\" class=\"wp-image-196 size-full\" srcset=\"https:\/\/mbnutricion.es\/wp-content\/uploads\/2025\/01\/Paquetes_consulta.jpg 817w, https:\/\/mbnutricion.es\/wp-content\/uploads\/2025\/01\/Paquetes_consulta-300x200.jpg 300w, https:\/\/mbnutricion.es\/wp-content\/uploads\/2025\/01\/Paquetes_consulta-768x511.jpg 768w\" sizes=\"auto, (max-width: 817px) 100vw, 817px\" \/><\/figure><div class=\"wp-block-media-text__content\">\n<p><strong>Primera consulta (60 minutos): <\/strong>Historia cl\u00ednica, valoraci\u00f3n de h\u00e1bitos nutricionales y estado nutricional. Fijaci\u00f3n de metas y objetivos.<\/p>\n<\/div><\/div>\n\n\n\n<div class=\"wp-block-media-text is-stacked-on-mobile\"><figure class=\"wp-block-media-text__media\"><img loading=\"lazy\" decoding=\"async\" width=\"817\" height=\"545\" src=\"https:\/\/mbnutricion.es\/wp-content\/uploads\/2025\/01\/Paquetes_plan.jpg\" alt=\"\" class=\"wp-image-197 size-full\" srcset=\"https:\/\/mbnutricion.es\/wp-content\/uploads\/2025\/01\/Paquetes_plan.jpg 817w, https:\/\/mbnutricion.es\/wp-content\/uploads\/2025\/01\/Paquetes_plan-300x200.jpg 300w, https:\/\/mbnutricion.es\/wp-content\/uploads\/2025\/01\/Paquetes_plan-768x512.jpg 768w\" sizes=\"auto, (max-width: 817px) 100vw, 817px\" \/><\/figure><div class=\"wp-block-media-text__content\">\n<p><strong>Segunda consulta (30 minutos): <\/strong>Entrega y explicaci\u00f3n del plan nutricional.<\/p>\n<\/div><\/div>\n\n\n\n<div class=\"wp-block-media-text is-stacked-on-mobile\"><figure class=\"wp-block-media-text__media\"><img loading=\"lazy\" decoding=\"async\" width=\"822\" height=\"548\" src=\"https:\/\/mbnutricion.es\/wp-content\/uploads\/2025\/01\/Paquetes_seguimiento.jpg\" alt=\"\" class=\"wp-image-198 size-full\" srcset=\"https:\/\/mbnutricion.es\/wp-content\/uploads\/2025\/01\/Paquetes_seguimiento.jpg 822w, https:\/\/mbnutricion.es\/wp-content\/uploads\/2025\/01\/Paquetes_seguimiento-300x200.jpg 300w, https:\/\/mbnutricion.es\/wp-content\/uploads\/2025\/01\/Paquetes_seguimiento-768x512.jpg 768w\" sizes=\"auto, (max-width: 822px) 100vw, 822px\" \/><\/figure><div class=\"wp-block-media-text__content\">\n<p><strong>Seguimientos (30 minutos): <\/strong>Valoraci\u00f3n del estado nutricional, comparativa de metas y objetivos, ajustes al plan nutricional.<\/p>\n<\/div><\/div>\n\n\n\n<div class=\"wp-block-media-text is-stacked-on-mobile\"><figure class=\"wp-block-media-text__media\"><img loading=\"lazy\" decoding=\"async\" width=\"519\" height=\"344\" src=\"https:\/\/mbnutricion.es\/wp-content\/uploads\/2025\/02\/Home_lactancia.jpg\" alt=\"\" class=\"wp-image-244 size-full\" srcset=\"https:\/\/mbnutricion.es\/wp-content\/uploads\/2025\/02\/Home_lactancia.jpg 519w, https:\/\/mbnutricion.es\/wp-content\/uploads\/2025\/02\/Home_lactancia-300x199.jpg 300w\" sizes=\"auto, (max-width: 519px) 100vw, 519px\" \/><\/figure><div class=\"wp-block-media-text__content\">\n<p><strong>Asesor\u00eda de lactancia (1 hora + 30 minutos de seguimiento):<\/strong> Resuelve tus dudas y haz de la lactancia una experiencia tranquila y segura<\/p>\n<\/div><\/div>\n\n\n\n<div style=\"height:39px\" aria-hidden=\"true\" class=\"wp-block-spacer\"><\/div>\n\n\n\n<div class=\"wp-block-cover alignfull\" style=\"min-height:604px;aspect-ratio:unset;\"><span aria-hidden=\"true\" class=\"wp-block-cover__background has-background-dim\" style=\"background-color:#416448\"><\/span><img loading=\"lazy\" decoding=\"async\" width=\"2560\" height=\"1148\" class=\"wp-block-cover__image-background wp-image-200\" alt=\"\" src=\"https:\/\/mbnutricion.es\/wp-content\/uploads\/2025\/01\/Paquetes_bonos-scaled.jpg\" data-object-fit=\"cover\" srcset=\"https:\/\/mbnutricion.es\/wp-content\/uploads\/2025\/01\/Paquetes_bonos-scaled.jpg 2560w, https:\/\/mbnutricion.es\/wp-content\/uploads\/2025\/01\/Paquetes_bonos-300x135.jpg 300w, https:\/\/mbnutricion.es\/wp-content\/uploads\/2025\/01\/Paquetes_bonos-1024x459.jpg 1024w, https:\/\/mbnutricion.es\/wp-content\/uploads\/2025\/01\/Paquetes_bonos-768x344.jpg 768w, https:\/\/mbnutricion.es\/wp-content\/uploads\/2025\/01\/Paquetes_bonos-1536x689.jpg 1536w, https:\/\/mbnutricion.es\/wp-content\/uploads\/2025\/01\/Paquetes_bonos-2048x918.jpg 2048w, https:\/\/mbnutricion.es\/wp-content\/uploads\/2025\/01\/Paquetes_bonos-1568x703.jpg 1568w\" sizes=\"auto, (max-width: 2560px) 100vw, 2560px\" \/><div class=\"wp-block-cover__inner-container is-layout-constrained wp-block-cover-is-layout-constrained\">\n<p class=\"has-text-align-center\" style=\"font-size:44px;font-style:normal;font-weight:700\">Bonos<\/p>\n\n\n\n<div class=\"wp-block-columns alignwide is-layout-flex wp-container-core-columns-is-layout-28f84493 wp-block-columns-is-layout-flex\">\n<div class=\"wp-block-column is-layout-flow wp-block-column-is-layout-flow\">\n<div class=\"wp-block-columns is-layout-flex wp-container-core-columns-is-layout-28f84493 wp-block-columns-is-layout-flex\">\n<div class=\"wp-block-column is-layout-flow wp-block-column-is-layout-flow\">\n<div class=\"wp-block-group\"><div class=\"wp-block-group__inner-container is-layout-constrained wp-block-group-is-layout-constrained\">\n<p class=\"has-text-align-center has-huge-font-size\" style=\"font-style:normal;font-weight:700\">1.<\/p>\n\n\n\n<p class=\"has-text-align-center\" style=\"font-size:18px\">Primera consulta y entrega de plan nutricional<\/p>\n\n\n\n<div class=\"wp-block-buttons is-content-justification-center is-layout-flex wp-container-core-buttons-is-layout-a89b3969 wp-block-buttons-is-layout-flex\">\n<div class=\"wp-block-button has-custom-width wp-block-button__width-75 has-custom-font-size is-style-outline is-style-outline--2\" style=\"font-size:13px\"><a class=\"wp-block-button__link has-background-color has-text-color has-link-color wp-element-button\" href=\"https:\/\/mbnutricion.es\/contacto\">Me interesa<\/a><\/div>\n<\/div>\n<\/div><\/div>\n<\/div>\n\n\n\n<div class=\"wp-block-column is-layout-flow wp-block-column-is-layout-flow\">\n<div class=\"wp-block-group\"><div class=\"wp-block-group__inner-container is-layout-constrained wp-block-group-is-layout-constrained\">\n<p class=\"has-text-align-center has-huge-font-size\" style=\"font-style:normal;font-weight:700\">2.<\/p>\n\n\n\n<p class=\"has-text-align-center\" style=\"font-size:18px\">Primera consulta, entrega de plan nutricional y 2 sesiones de seguimiento<\/p>\n\n\n\n<div class=\"wp-block-buttons is-content-justification-center is-layout-flex wp-container-core-buttons-is-layout-a89b3969 wp-block-buttons-is-layout-flex\">\n<div class=\"wp-block-button has-custom-width wp-block-button__width-75 has-custom-font-size is-style-outline is-style-outline--3\" style=\"font-size:13px\"><a class=\"wp-block-button__link has-background-color has-text-color has-link-color wp-element-button\" href=\"https:\/\/mbnutricion.es\/contacto\">Me interesa<\/a><\/div>\n<\/div>\n<\/div><\/div>\n<\/div>\n<\/div>\n<\/div>\n\n\n\n<div class=\"wp-block-column is-layout-flow wp-block-column-is-layout-flow\">\n<div class=\"wp-block-columns is-layout-flex wp-container-core-columns-is-layout-28f84493 wp-block-columns-is-layout-flex\">\n<div class=\"wp-block-column is-layout-flow wp-block-column-is-layout-flow\">\n<div class=\"wp-block-group\"><div class=\"wp-block-group__inner-container is-layout-constrained wp-block-group-is-layout-constrained\">\n<p class=\"has-text-align-center has-huge-font-size\" style=\"font-style:normal;font-weight:700\">3.<\/p>\n\n\n\n<p class=\"has-text-align-center\" style=\"font-size:18px\">Primera consulta, entrega de plan y 5 sesiones de seguimiento<\/p>\n\n\n\n<div class=\"wp-block-buttons is-content-justification-center is-layout-flex wp-container-core-buttons-is-layout-a89b3969 wp-block-buttons-is-layout-flex\">\n<div class=\"wp-block-button has-custom-width wp-block-button__width-75 has-custom-font-size is-style-outline is-style-outline--4\" style=\"font-size:13px\"><a class=\"wp-block-button__link has-background-color has-text-color has-link-color wp-element-button\" href=\"https:\/\/mbnutricion.es\/contacto\">Me interesa<\/a><\/div>\n<\/div>\n<\/div><\/div>\n<\/div>\n\n\n\n<div class=\"wp-block-column is-layout-flow wp-block-column-is-layout-flow\">\n<div class=\"wp-block-group\"><div class=\"wp-block-group__inner-container is-layout-constrained wp-block-group-is-layout-constrained\">\n<p class=\"has-text-align-center has-huge-font-size\" style=\"font-style:normal;font-weight:700\">4.<\/p>\n\n\n\n<p class=\"has-text-align-center\" style=\"font-size:18px\">5 sesiones de seguimiento Para aquellas personas que ya hicieron su valoraci\u00f3n nutricional y ya se les ha entregado el primer plan nutricional.<\/p>\n\n\n\n<div class=\"wp-block-buttons is-content-justification-center is-layout-flex wp-container-core-buttons-is-layout-a89b3969 wp-block-buttons-is-layout-flex\">\n<div class=\"wp-block-button has-custom-width wp-block-button__width-75 has-custom-font-size is-style-outline is-style-outline--5\" style=\"font-size:13px\"><a class=\"wp-block-button__link has-background-color has-text-color has-link-color wp-element-button\" href=\"https:\/\/mbnutricion.es\/contacto\">Me interesa<\/a><\/div>\n<\/div>\n<\/div><\/div>\n<\/div>\n<\/div>\n<\/div>\n<\/div>\n<\/div><\/div>\n\n\n\n<p><\/p>\n","protected":false},"excerpt":{"rendered":"<p>Servicios Agenda conmigo 15 minutos para explicarte c\u00f3mo trabajo, sin costo alguno. Primera consulta (60 minutos): Historia cl\u00ednica, valoraci\u00f3n de h\u00e1bitos nutricionales y estado nutricional. Fijaci\u00f3n de metas y objetivos. Segunda consulta (30 minutos): Entrega y explicaci\u00f3n del plan nutricional. Seguimientos (30 minutos): Valoraci\u00f3n del estado nutricional, comparativa de metas y objetivos, ajustes al plan<a class=\"more-link\" href=\"https:\/\/mbnutricion.es\/paquetes\">Continue reading <span class=\"screen-reader-text\">&#8220;Paquetes&#8221;<\/span><\/a><\/p>\n","protected":false},"author":2,"featured_media":0,"parent":0,"menu_order":0,"comment_status":"closed","ping_status":"closed","template":"","meta":{"footnotes":""},"class_list":["post-22","page","type-page","status-publish","hentry","entry"],"_links":{"self":[{"href":"https:\/\/mbnutricion.es\/index.php?rest_route=\/wp\/v2\/pages\/22","targetHints":{"allow":["GET"]}}],"collection":[{"href":"https:\/\/mbnutricion.es\/index.php?rest_route=\/wp\/v2\/pages"}],"about":[{"href":"https:\/\/mbnutricion.es\/index.php?rest_route=\/wp\/v2\/types\/page"}],"author":[{"embeddable":true,"href":"https:\/\/mbnutricion.es\/index.php?rest_route=\/wp\/v2\/users\/2"}],"replies":[{"embeddable":true,"href":"https:\/\/mbnutricion.es\/index.php?rest_route=%2Fwp%2Fv2%2Fcomments&post=22"}],"version-history":[{"count":7,"href":"https:\/\/mbnutricion.es\/index.php?rest_route=\/wp\/v2\/pages\/22\/revisions"}],"predecessor-version":[{"id":247,"href":"https:\/\/mbnutricion.es\/index.php?rest_route=\/wp\/v2\/pages\/22\/revisions\/247"}],"wp:attachment":[{"href":"https:\/\/mbnutricion.es\/index.php?rest_route=%2Fwp%2Fv2%2Fmedia&parent=22"}],"curies":[{"name":"wp","href":"https:\/\/api.w.org\/{rel}","templated":true}]}}