{"id":41,"date":"2025-01-17T23:59:49","date_gmt":"2025-01-17T22:59:49","guid":{"rendered":"https:\/\/mbnutricion.es\/?page_id=41"},"modified":"2025-03-11T15:45:32","modified_gmt":"2025-03-11T14:45:32","slug":"home","status":"publish","type":"page","link":"https:\/\/mbnutricion.es\/","title":{"rendered":"Home"},"content":{"rendered":"\n<div class=\"wp-block-group alignfull has-primary-background-color has-background\" style=\"border-style:none;border-width:0px;border-radius:0px;margin-top:0px;margin-bottom:0px;padding-top:0;padding-bottom:0\"><div class=\"wp-block-group__inner-container is-layout-constrained wp-container-core-group-is-layout-85de0c7d wp-block-group-is-layout-constrained\">\n<div class=\"wp-block-media-text alignfull has-media-on-the-right is-stacked-on-mobile is-vertically-aligned-center is-image-fill-element has-primary-background-color has-background\" style=\"border-style:none;border-width:0px;border-radius:0px;margin-top:0px;margin-right:-40px;margin-bottom:0px;margin-left:-40px;padding-top:0;padding-right:0;grid-template-columns:auto 49%\"><div class=\"wp-block-media-text__content\">\n<p style=\"border-style:none;border-width:0px;margin-top:var(--wp--preset--spacing--60);margin-right:54px;margin-bottom:var(--wp--preset--spacing--60);margin-left:54px;padding-top:var(--wp--preset--spacing--30);padding-right:0;padding-bottom:var(--wp--preset--spacing--30);padding-left:0;font-size:43px;font-style:normal;font-weight:700;line-height:1.2\"><strong>Nutrici\u00f3n que conecta cuerpo, mente y entorno.<\/strong><\/p>\n\n\n\n<p class=\"has-primary-background-color has-background has-normal-font-size\" style=\"border-style:none;border-width:0px;margin-top:var(--wp--preset--spacing--60);margin-right:54px;margin-bottom:var(--wp--preset--spacing--60);margin-left:54px;padding-top:var(--wp--preset--spacing--30);padding-right:0;padding-bottom:var(--wp--preset--spacing--30);padding-left:0;font-style:normal;font-weight:300;line-height:1.2\">Te ayudo a simplificar la alimentaci\u00f3n saludable y a disfrutar el camino hacia el cambio de h\u00e1bitos. Estoy aqu\u00ed para acompa\u00f1arte en cada paso.<\/p>\n\n\n\n<div class=\"wp-block-buttons is-horizontal is-content-justification-center is-layout-flex wp-container-core-buttons-is-layout-9154f467 wp-block-buttons-is-layout-flex\">\n<div class=\"wp-block-button has-custom-width wp-block-button__width-50 has-custom-font-size is-style-fill\" style=\"font-size:16px;font-style:normal;font-weight:500\"><a class=\"wp-block-button__link wp-element-button\" href=\"https:\/\/mbnutricion.es\/contacto\" style=\"border-width:2px;border-radius:0px;padding-top:var(--wp--preset--spacing--40);padding-right:var(--wp--preset--spacing--20);padding-bottom:var(--wp--preset--spacing--40);padding-left:var(--wp--preset--spacing--20)\">Ponerse en contacto<\/a><\/div>\n<\/div>\n\n\n\n<div style=\"height:34px\" aria-hidden=\"true\" class=\"wp-block-spacer\"><\/div>\n<\/div><figure class=\"wp-block-media-text__media\"><img loading=\"lazy\" decoding=\"async\" width=\"1000\" height=\"667\" src=\"https:\/\/mbnutricion.es\/wp-content\/uploads\/2025\/01\/Depositphotos_253711878_L_2-1.jpg\" alt=\"\" class=\"wp-image-119 size-full\" style=\"object-position:50% 50%\" srcset=\"https:\/\/mbnutricion.es\/wp-content\/uploads\/2025\/01\/Depositphotos_253711878_L_2-1.jpg 1000w, https:\/\/mbnutricion.es\/wp-content\/uploads\/2025\/01\/Depositphotos_253711878_L_2-1-300x200.jpg 300w, https:\/\/mbnutricion.es\/wp-content\/uploads\/2025\/01\/Depositphotos_253711878_L_2-1-768x512.jpg 768w\" sizes=\"auto, (max-width: 1000px) 100vw, 1000px\" \/><\/figure><\/div>\n<\/div><\/div>\n\n\n\n<div style=\"height:42px\" aria-hidden=\"true\" class=\"wp-block-spacer\"><\/div>\n\n\n\n<p class=\"has-text-align-center\" style=\"font-size:20px;font-style:normal;font-weight:500\">Servicios<\/p>\n\n\n\n<p class=\"has-text-align-center\" style=\"font-size:39px;font-style:normal;font-weight:700;letter-spacing:0px\"><strong>C\u00f3mo te acompa\u00f1o<\/strong><\/p>\n\n\n\n<hr class=\"wp-block-separator has-alpha-channel-opacity is-style-default\" style=\"margin-top:0;margin-bottom:0\"\/>\n\n\n\n<div class=\"wp-block-columns is-layout-flex wp-container-core-columns-is-layout-28f84493 wp-block-columns-is-layout-flex\">\n<div class=\"wp-block-column is-layout-flow wp-block-column-is-layout-flow\">\n<div class=\"wp-block-columns is-layout-flex wp-container-core-columns-is-layout-28f84493 wp-block-columns-is-layout-flex\">\n<div class=\"wp-block-column is-layout-flow wp-block-column-is-layout-flow\">\n<div class=\"wp-block-group\"><div class=\"wp-block-group__inner-container is-layout-constrained wp-block-group-is-layout-constrained\">\n<figure class=\"wp-block-image size-full\"><img loading=\"lazy\" decoding=\"async\" width=\"519\" height=\"344\" src=\"https:\/\/mbnutricion.es\/wp-content\/uploads\/2025\/02\/Home_agendar.jpg\" alt=\"\" class=\"wp-image-237\" srcset=\"https:\/\/mbnutricion.es\/wp-content\/uploads\/2025\/02\/Home_agendar.jpg 519w, https:\/\/mbnutricion.es\/wp-content\/uploads\/2025\/02\/Home_agendar-300x199.jpg 300w\" sizes=\"auto, (max-width: 519px) 100vw, 519px\" \/><\/figure>\n\n\n\n<p>Agenda una sesi\u00f3n gratuita de 15 minutos para descubrir c\u00f3mo puedo ayudarte.<\/p>\n<\/div><\/div>\n<\/div>\n\n\n\n<div class=\"wp-block-column is-layout-flow wp-block-column-is-layout-flow\">\n<div class=\"wp-block-group\"><div class=\"wp-block-group__inner-container is-layout-constrained wp-block-group-is-layout-constrained\">\n<figure class=\"wp-block-image size-full\"><img loading=\"lazy\" decoding=\"async\" width=\"519\" height=\"344\" src=\"https:\/\/mbnutricion.es\/wp-content\/uploads\/2025\/02\/Home_logros.jpg\" alt=\"\" class=\"wp-image-238\" srcset=\"https:\/\/mbnutricion.es\/wp-content\/uploads\/2025\/02\/Home_logros.jpg 519w, https:\/\/mbnutricion.es\/wp-content\/uploads\/2025\/02\/Home_logros-300x199.jpg 300w\" sizes=\"auto, (max-width: 519px) 100vw, 519px\" \/><\/figure>\n\n\n\n<p>Evaluaci\u00f3n completa de tu historia cl\u00ednica, h\u00e1bitos y estado nutricional para establecer metas claras.<\/p>\n<\/div><\/div>\n<\/div>\n<\/div>\n<\/div>\n\n\n\n<div class=\"wp-block-column is-layout-flow wp-block-column-is-layout-flow\">\n<div class=\"wp-block-columns is-layout-flex wp-container-core-columns-is-layout-28f84493 wp-block-columns-is-layout-flex\">\n<div class=\"wp-block-column is-layout-flow wp-block-column-is-layout-flow\">\n<figure class=\"wp-block-image size-full\"><img loading=\"lazy\" decoding=\"async\" width=\"519\" height=\"346\" src=\"https:\/\/mbnutricion.es\/wp-content\/uploads\/2025\/02\/Home_plan.jpg\" alt=\"\" class=\"wp-image-239\" srcset=\"https:\/\/mbnutricion.es\/wp-content\/uploads\/2025\/02\/Home_plan.jpg 519w, https:\/\/mbnutricion.es\/wp-content\/uploads\/2025\/02\/Home_plan-300x200.jpg 300w\" sizes=\"auto, (max-width: 519px) 100vw, 519px\" \/><\/figure>\n\n\n\n<p>Dise\u00f1o de tu plan nutricional, ajustes y monitoreo regular para lograr tus objetivos de salud.<\/p>\n<\/div>\n\n\n\n<div class=\"wp-block-column is-layout-flow wp-block-column-is-layout-flow\">\n<div class=\"wp-block-group\"><div class=\"wp-block-group__inner-container is-layout-constrained wp-block-group-is-layout-constrained\">\n<figure class=\"wp-block-image size-full\"><img loading=\"lazy\" decoding=\"async\" width=\"822\" height=\"548\" src=\"https:\/\/mbnutricion.es\/wp-content\/uploads\/2025\/02\/Paquetes_lactancia-1.jpg\" alt=\"\" class=\"wp-image-240\" srcset=\"https:\/\/mbnutricion.es\/wp-content\/uploads\/2025\/02\/Paquetes_lactancia-1.jpg 822w, https:\/\/mbnutricion.es\/wp-content\/uploads\/2025\/02\/Paquetes_lactancia-1-300x200.jpg 300w, https:\/\/mbnutricion.es\/wp-content\/uploads\/2025\/02\/Paquetes_lactancia-1-768x512.jpg 768w\" sizes=\"auto, (max-width: 822px) 100vw, 822px\" \/><\/figure>\n\n\n\n<p>Asesor\u00eda experta en lactancia, con ajustes y seguimiento para una experiencia segura y exitosa.<\/p>\n<\/div><\/div>\n<\/div>\n<\/div>\n<\/div>\n<\/div>\n\n\n\n<div style=\"height:72px\" aria-hidden=\"true\" class=\"wp-block-spacer\"><\/div>\n\n\n\n<div class=\"wp-block-cover alignfull\"><span aria-hidden=\"true\" class=\"wp-block-cover__background has-background-dim\" style=\"background-color:#4d3828\"><\/span><img loading=\"lazy\" decoding=\"async\" width=\"2036\" height=\"683\" class=\"wp-block-cover__image-background wp-image-167\" alt=\"\" src=\"https:\/\/mbnutricion.es\/wp-content\/uploads\/2025\/01\/Home_banner-inferior.jpg\" data-object-fit=\"cover\" srcset=\"https:\/\/mbnutricion.es\/wp-content\/uploads\/2025\/01\/Home_banner-inferior.jpg 2036w, https:\/\/mbnutricion.es\/wp-content\/uploads\/2025\/01\/Home_banner-inferior-300x101.jpg 300w, https:\/\/mbnutricion.es\/wp-content\/uploads\/2025\/01\/Home_banner-inferior-1024x344.jpg 1024w, https:\/\/mbnutricion.es\/wp-content\/uploads\/2025\/01\/Home_banner-inferior-768x258.jpg 768w, https:\/\/mbnutricion.es\/wp-content\/uploads\/2025\/01\/Home_banner-inferior-1536x515.jpg 1536w, https:\/\/mbnutricion.es\/wp-content\/uploads\/2025\/01\/Home_banner-inferior-1568x526.jpg 1568w\" sizes=\"auto, (max-width: 2036px) 100vw, 2036px\" \/><div class=\"wp-block-cover__inner-container is-layout-constrained wp-block-cover-is-layout-constrained\">\n<p class=\"has-text-align-center\" style=\"font-size:44px;font-style:normal;font-weight:700\">Razones para elegirme<\/p>\n\n\n\n<div class=\"wp-block-columns alignfull is-layout-flex wp-container-core-columns-is-layout-28f84493 wp-block-columns-is-layout-flex\">\n<div class=\"wp-block-column is-layout-flow wp-block-column-is-layout-flow\">\n<div class=\"wp-block-columns is-layout-flex wp-container-core-columns-is-layout-28f84493 wp-block-columns-is-layout-flex\">\n<div class=\"wp-block-column is-layout-flow wp-block-column-is-layout-flow\">\n<p class=\"has-text-align-center\" style=\"font-size:27px\">Planes personalizados y hol\u00edsticos<\/p>\n<\/div>\n\n\n\n<div class=\"wp-block-column is-layout-flow wp-block-column-is-layout-flow\">\n<p class=\"has-text-align-center\" style=\"font-size:27px\">Experiencia y formaci\u00f3n internacional<\/p>\n<\/div>\n<\/div>\n<\/div>\n\n\n\n<div class=\"wp-block-column is-layout-flow wp-block-column-is-layout-flow\">\n<div class=\"wp-block-columns is-layout-flex wp-container-core-columns-is-layout-28f84493 wp-block-columns-is-layout-flex\">\n<div class=\"wp-block-column is-layout-flow wp-block-column-is-layout-flow\">\n<p class=\"has-text-align-center\" style=\"font-size:27px\">Innovaci\u00f3n constante<\/p>\n<\/div>\n\n\n\n<div class=\"wp-block-column is-layout-flow wp-block-column-is-layout-flow\">\n<p class=\"has-text-align-center\" style=\"font-size:27px\">Enfoque en tu bienestar integral<\/p>\n<\/div>\n<\/div>\n<\/div>\n<\/div>\n<\/div><\/div>\n\n\n\n<p><\/p>\n","protected":false},"excerpt":{"rendered":"<p>Nutrici\u00f3n que conecta cuerpo, mente y entorno. Te ayudo a simplificar la alimentaci\u00f3n saludable y a disfrutar el camino hacia el cambio de h\u00e1bitos. Estoy aqu\u00ed para acompa\u00f1arte en cada paso. Servicios C\u00f3mo te acompa\u00f1o Agenda una sesi\u00f3n gratuita de 15 minutos para descubrir c\u00f3mo puedo ayudarte. Evaluaci\u00f3n completa de tu historia cl\u00ednica, h\u00e1bitos y<a class=\"more-link\" href=\"https:\/\/mbnutricion.es\/\">Continue reading <span class=\"screen-reader-text\">&#8220;Home&#8221;<\/span><\/a><\/p>\n","protected":false},"author":2,"featured_media":0,"parent":0,"menu_order":0,"comment_status":"closed","ping_status":"closed","template":"","meta":{"footnotes":""},"class_list":["post-41","page","type-page","status-publish","hentry","entry"],"_links":{"self":[{"href":"https:\/\/mbnutricion.es\/index.php?rest_route=\/wp\/v2\/pages\/41","targetHints":{"allow":["GET"]}}],"collection":[{"href":"https:\/\/mbnutricion.es\/index.php?rest_route=\/wp\/v2\/pages"}],"about":[{"href":"https:\/\/mbnutricion.es\/index.php?rest_route=\/wp\/v2\/types\/page"}],"author":[{"embeddable":true,"href":"https:\/\/mbnutricion.es\/index.php?rest_route=\/wp\/v2\/users\/2"}],"replies":[{"embeddable":true,"href":"https:\/\/mbnutricion.es\/index.php?rest_route=%2Fwp%2Fv2%2Fcomments&post=41"}],"version-history":[{"count":75,"href":"https:\/\/mbnutricion.es\/index.php?rest_route=\/wp\/v2\/pages\/41\/revisions"}],"predecessor-version":[{"id":248,"href":"https:\/\/mbnutricion.es\/index.php?rest_route=\/wp\/v2\/pages\/41\/revisions\/248"}],"wp:attachment":[{"href":"https:\/\/mbnutricion.es\/index.php?rest_route=%2Fwp%2Fv2%2Fmedia&parent=41"}],"curies":[{"name":"wp","href":"https:\/\/api.w.org\/{rel}","templated":true}]}}